{"id":604,"date":"2011-12-24T02:57:37","date_gmt":"2011-12-24T01:57:37","guid":{"rendered":"http:\/\/bullahoch2.bu.ohost.de\/flo\/?page_id=604"},"modified":"2014-09-10T19:56:41","modified_gmt":"2014-09-10T17:56:41","slug":"overflo-2011","status":"publish","type":"page","link":"http:\/\/www.flozuseinbedarfeswenig.de\/?page_id=604","title":{"rendered":"overflo (2011)"},"content":{"rendered":"<p style=\"text-align: center;\"><span style=\"font-family: Verdana; font-size: x-small;\"> <strong><span style=\"font-size: small;\">overflo (2011)<\/span><\/strong><br \/>\n<\/span><\/p>\n<p style=\"text-align: center;\"><span style=\"font-family: Verdana; font-size: x-small;\"><br \/>\n<a href=\"http:\/\/www.flozuseinbedarfeswenig.de\/wp-content\/uploads\/2011\/06\/overflo_front_340.jpg\"><img loading=\"lazy\" class=\"alignnone size-full wp-image-986\" src=\"http:\/\/www.flozuseinbedarfeswenig.de\/wp-content\/uploads\/2011\/06\/overflo_front_340.jpg\" alt=\"overflo_front_340\" width=\"340\" height=\"484\" srcset=\"http:\/\/www.flozuseinbedarfeswenig.de\/wp-content\/uploads\/2011\/06\/overflo_front_340.jpg 340w, http:\/\/www.flozuseinbedarfeswenig.de\/wp-content\/uploads\/2011\/06\/overflo_front_340-210x300.jpg 210w\" sizes=\"(max-width: 340px) 100vw, 340px\" \/><\/a><br \/>\n01. <a title=\"ans meer\" href=\"http:\/\/www.flozuseinbedarfeswenig.de\/?p=623\">ans meer<\/a> (m\/t: flo)<br \/>\n02. <a title=\"fliegen\" href=\"http:\/\/www.flozuseinbedarfeswenig.de\/?p=627\">fliegen<\/a> (m\/t: flo)<br \/>\n03. <a title=\"noch mehr\" href=\"http:\/\/www.flozuseinbedarfeswenig.de\/?p=625\">noch mehr<\/a> (m\/t: flo)<br \/>\n04. <a title=\"noch besser\" href=\"http:\/\/www.flozuseinbedarfeswenig.de\/?p=617\">noch besser<\/a> (m\/t: flo)<br \/>\n05. <a title=\"der untergang\" href=\"http:\/\/www.flozuseinbedarfeswenig.de\/?p=615\">der untergang<\/a> (m\/t: flo)<br \/>\n06. <a title=\"geweint\" href=\"http:\/\/www.flozuseinbedarfeswenig.de\/?p=629\">geweint<\/a> (m\/t: flo)<br \/>\n07. <a title=\"schaf\" href=\"http:\/\/www.flozuseinbedarfeswenig.de\/?p=621\">schaf<\/a> (m\/t: flo)<br \/>\n08. <a title=\"scheinbar\" href=\"http:\/\/www.flozuseinbedarfeswenig.de\/?p=547\">scheinbar<\/a> (m\/t: flo)<br \/>\n09. <a title=\"unscheinbar\" href=\"http:\/\/www.flozuseinbedarfeswenig.de\/?p=633\">unscheinbar<\/a> (m\/t: flo)<br \/>\n10. <a title=\"trotz dem\" href=\"http:\/\/www.flozuseinbedarfeswenig.de\/?p=635\">trotz dem<\/a> (m\/t: flo)<br \/>\n11. <a title=\"blubb\" href=\"http:\/\/www.flozuseinbedarfeswenig.de\/?p=637\">blubb<\/a> (m\/t: flo\/wall-e)<br \/>\n12. <a title=\"zu gut\" href=\"http:\/\/www.flozuseinbedarfeswenig.de\/?p=619\">zu gut<\/a> (m\/t: flo)<br \/>\n13. <a title=\"zu gern\" href=\"http:\/\/www.flozuseinbedarfeswenig.de\/?p=232\">zu gern<\/a> (m\/t: flo)<br \/>\n14. <a title=\"die coolsten\" href=\"http:\/\/www.flozuseinbedarfeswenig.de\/?p=589\">die coolsten<\/a> (m\/t: flo)<br \/>\n15. <a title=\"traum\" href=\"http:\/\/www.flozuseinbedarfeswenig.de\/?p=631\">traum<\/a> (m\/t: flo)<\/span><\/p>\n<p style=\"text-align: center;\"><span style=\"font-family: Verdana; font-size: x-small;\">yeah! ein neues jahr, ein neues weihnachten und ein neues album: &#8220;overflo&#8221;! randvoll mit ganz viel neu-erfundenem und alt-geklautem, extrem h\u00f6rbarem musikzeugs. und so.<br \/>\n<\/span><\/p>\n<p style=\"text-align: center;\"><span style=\"font-family: Verdana; font-size: x-small;\">finanziell soll es euch wieder nix kosten &#8211; mich begl\u00fcckt und bestolzt schlie\u00dflich schon jeder einzelne genug, der es h\u00f6ren will! =)<br \/>\n<\/span><\/p>\n<p style=\"text-align: center;\"><span style=\"font-family: Verdana; font-size: x-small;\">aber daf\u00fcr gibts wieder eine neue aufgabe, falls ihr es denn haben wollt: ich will als gegenleistung ganz einfach einen tee mit euch trinken. aber mit jedem einzelnen! und ohne dabei was anderes zu machen. sich ausschlie\u00dflich f\u00fcr eine teetassenl\u00e4nge zeit nehmen, bzw. gegenseitig die zeit schenken &#8211; das f\u00e4nd ich ziemlich toll!<br \/>\n<\/span><\/p>\n<p style=\"text-align: center;\"><span style=\"font-family: Verdana; font-size: x-small;\">wo und wie und so d\u00fcrft ihr selber entscheiden &#8211; ich bin schon gespannt auf kreative vorschl\u00e4ge! sobald dann beide tassen leer sind, gibts die cd.. =)<br \/>\n<\/span><\/p>\n","protected":false},"excerpt":{"rendered":"<p>overflo (2011) 01. ans meer (m\/t: flo) 02. fliegen (m\/t: flo) 03. noch mehr (m\/t: flo) 04. noch besser (m\/t: flo) 05. der untergang (m\/t: flo) 06. geweint (m\/t: flo) 07. schaf (m\/t: flo) 08. scheinbar (m\/t: flo) 09. unscheinbar (m\/t: flo) 10. trotz dem (m\/t: flo) 11. blubb (m\/t: flo\/wall-e) 12. zu gut (m\/t: [&hellip;]<\/p>\n","protected":false},"author":1,"featured_media":0,"parent":20,"menu_order":4,"comment_status":"open","ping_status":"open","template":"","meta":[],"_links":{"self":[{"href":"http:\/\/www.flozuseinbedarfeswenig.de\/index.php?rest_route=\/wp\/v2\/pages\/604"}],"collection":[{"href":"http:\/\/www.flozuseinbedarfeswenig.de\/index.php?rest_route=\/wp\/v2\/pages"}],"about":[{"href":"http:\/\/www.flozuseinbedarfeswenig.de\/index.php?rest_route=\/wp\/v2\/types\/page"}],"author":[{"embeddable":true,"href":"http:\/\/www.flozuseinbedarfeswenig.de\/index.php?rest_route=\/wp\/v2\/users\/1"}],"replies":[{"embeddable":true,"href":"http:\/\/www.flozuseinbedarfeswenig.de\/index.php?rest_route=%2Fwp%2Fv2%2Fcomments&post=604"}],"version-history":[{"count":2,"href":"http:\/\/www.flozuseinbedarfeswenig.de\/index.php?rest_route=\/wp\/v2\/pages\/604\/revisions"}],"predecessor-version":[{"id":1006,"href":"http:\/\/www.flozuseinbedarfeswenig.de\/index.php?rest_route=\/wp\/v2\/pages\/604\/revisions\/1006"}],"up":[{"embeddable":true,"href":"http:\/\/www.flozuseinbedarfeswenig.de\/index.php?rest_route=\/wp\/v2\/pages\/20"}],"wp:attachment":[{"href":"http:\/\/www.flozuseinbedarfeswenig.de\/index.php?rest_route=%2Fwp%2Fv2%2Fmedia&parent=604"}],"curies":[{"name":"wp","href":"https:\/\/api.w.org\/{rel}","templated":true}]}}