{"id":22,"date":"2011-06-08T23:28:06","date_gmt":"2011-06-08T21:28:06","guid":{"rendered":"http:\/\/bullahoch2.bu.ohost.de\/flo\/?page_id=19"},"modified":"2014-09-10T19:53:39","modified_gmt":"2014-09-10T17:53:39","slug":"flo-und-so-2010","status":"publish","type":"page","link":"http:\/\/www.flozuseinbedarfeswenig.de\/?page_id=22","title":{"rendered":"flo. und so. (2010)"},"content":{"rendered":"<p style=\"text-align: center;\"><span style=\"font-family: Verdana; font-size: x-small;\"><strong><span style=\"font-size: small;\">flo. und so. (2010)<\/span><\/strong><br \/>\n<\/span><\/p>\n<p style=\"text-align: center;\"><span style=\"font-family: Verdana; font-size: x-small;\"><a href=\"http:\/\/www.flozuseinbedarfeswenig.de\/wp-content\/uploads\/2011\/06\/fus_front_340.jpg\"><img loading=\"lazy\" class=\"alignnone size-full wp-image-985\" src=\"http:\/\/www.flozuseinbedarfeswenig.de\/wp-content\/uploads\/2011\/06\/fus_front_340.jpg\" alt=\"fus_front_340\" width=\"340\" height=\"340\" srcset=\"http:\/\/www.flozuseinbedarfeswenig.de\/wp-content\/uploads\/2011\/06\/fus_front_340.jpg 340w, http:\/\/www.flozuseinbedarfeswenig.de\/wp-content\/uploads\/2011\/06\/fus_front_340-150x150.jpg 150w, http:\/\/www.flozuseinbedarfeswenig.de\/wp-content\/uploads\/2011\/06\/fus_front_340-300x300.jpg 300w\" sizes=\"(max-width: 340px) 100vw, 340px\" \/><\/a><br \/>\n01. <a title=\"wunsch\" href=\"http:\/\/www.flozuseinbedarfeswenig.de\/?p=224\">wunsch<\/a><br \/>\n02. <a title=\"nur ein bisschen meer\" href=\"http:\/\/www.flozuseinbedarfeswenig.de\/?p=174\">nur ein bisschen meer<\/a><br \/>\n03. <a title=\"weiter\" href=\"http:\/\/www.flozuseinbedarfeswenig.de\/?p=216\">weiter<\/a><br \/>\n04. <a title=\"baumeln lassen\" href=\"http:\/\/www.flozuseinbedarfeswenig.de\/?p=85\">baumeln lassen<\/a><br \/>\n05. <a title=\"groen\" href=\"http:\/\/www.flozuseinbedarfeswenig.de\/?p=141\">groen<\/a><br \/>\n06. <a title=\"der aufstand\" href=\"http:\/\/www.flozuseinbedarfeswenig.de\/?p=97\">der aufstand<\/a><br \/>\n07. <a title=\"machs gut\" href=\"http:\/\/www.flozuseinbedarfeswenig.de\/?p=159\">machs gut<\/a><br \/>\n08. <a title=\"im schatten\" href=\"http:\/\/www.flozuseinbedarfeswenig.de\/?p=153\">im schatten<\/a><br \/>\n09. <a title=\"unglaublich\" href=\"http:\/\/www.flozuseinbedarfeswenig.de\/?p=208\">unglaublich<\/a><br \/>\n10. <a title=\"\u00fcberwindung\" href=\"http:\/\/www.flozuseinbedarfeswenig.de\/?p=206\">\u00fcberwindung<\/a><br \/>\n11. <a title=\"etwas tun\" href=\"http:\/\/www.flozuseinbedarfeswenig.de\/?p=121\">etwas tun<\/a><br \/>\n12. <a title=\"egal\" href=\"http:\/\/www.flozuseinbedarfeswenig.de\/?p=113\">egal<\/a><br \/>\n13. <a title=\"wundervoll\" href=\"http:\/\/www.flozuseinbedarfeswenig.de\/?p=220\">wundervoll<\/a><br \/>\n14. <a title=\"besser als ein grab\" href=\"http:\/\/www.flozuseinbedarfeswenig.de\/?p=89\">besser als ein grab<\/a><br \/>\n(alle songs m\/t: flo) <\/span><\/p>\n<p style=\"text-align: center;\"><span style=\"font-family: Verdana; font-size: x-small;\"><br \/>\n<em>&#8220;es ist zeit f\u00fcr was neues, f\u00fcr den n\u00e4chsten schritt.<br \/>\nzeit, dass was nie dagewesenes eintritt.&#8221;<\/em><br \/>\n<\/span><\/p>\n<p style=\"text-align: center;\"><span style=\"font-family: Verdana; font-size: x-small;\"><br \/>\nendlich! hab ich mich mal dazu aufraffen k\u00f6nnen, aufzunehmen. fast alles, was da seit gef\u00fchlten viereinhalb ewigkeiten im kopf rumlagerte und im raum rumschwirrte. teils alt, teils frisch und extra neu erfunden. manchmal holprig und erzwungen, manchmal aber auch fast ein bisschen extrem gro\u00dfartig. hauptsache laut.<br \/>\n<\/span><\/p>\n<p style=\"text-align: center;\"><span style=\"font-family: Verdana; font-size: x-small;\"><br \/>\nich hab mich quasi mit salbeitee, doppelkeksen, gurken-nutella-broten und jede menge instrumenten eingesperrt &#8211; und dabei rausgekommen ist <strong>flo. und so.<\/strong> ein album, besser und anders, als alles je dagewesene. musikalische auslebung wie nie. mit 14 grandiosen songs und in dankbarster mithilfe einiger g\u00e4ste!<br \/>\n<\/span><\/p>\n<p style=\"text-align: center;\"><span style=\"font-family: Verdana; font-size: x-small;\"><br \/>\nwenn dus haben willst, schenk ichs dir quasi. ist ja schlie\u00dflich weihnachten. aber daf\u00fcr hab ich einen kleinen gegenwunsch:<br \/>\n<\/span><\/p>\n<p style=\"text-align: center;\"><span style=\"font-family: Verdana; font-size: x-small;\"><br \/>\n<em>&#8220;ich w\u00fcnsche mir ne sonne, die mal einen tag gr\u00fcn scheint<br \/>\nund noch nen vers, der sich, wie dieser, so wundersch\u00f6n reimt..&#8221;<\/em><br \/>\n<\/span><\/p>\n<p style=\"text-align: center;\"><span style=\"font-family: Verdana; font-size: x-small;\"><br \/>\nja, ich m\u00f6cht gr\u00fcne sonnen sehen! mal dir eine gr\u00fcne sonne in dein strahlendes gesicht, schick mir ein foto davon und du bekommst <strong>flo. und so.<\/strong>! du brauchst nix zahlen, aber ein gr\u00fcne-sonnen-foto ist schnell gemacht und sollts dir definitiv wert sein..<br \/>\n<\/span><\/p>\n<p style=\"text-align: center;\"><span style=\"font-family: Verdana; font-size: x-small;\"><br \/>\nweitergabe, kopie und verbreitung ist durchaus erw\u00fcnscht &#8211; aber nat\u00fcrlich nur, wenn ich auch da weitere strahlende fotos bekomme.. danke! =)<br \/>\n<\/span><\/p>\n<p style=\"text-align: center;\"><span style=\"font-family: Verdana; font-size: x-small;\"><br \/>\nso, genug. her mit deinem foto, in echt (an mich) oder digital (an flo@zbach.de) &#8211; dann kriegst du <strong>flo. und so.<\/strong> ebenfalls in echt (als cd) oder digital (als download).<br \/>\n<\/span><\/p>\n<p style=\"text-align: center;\"><span style=\"font-family: Verdana; font-size: x-small;\"><br \/>\nsch\u00f6nes wochenende! und so.<br \/>\n<\/span><\/p>\n<p style=\"text-align: center;\">\n<p style=\"text-align: center;\"><span style=\"font-family: Verdana; font-size: x-small;\"> flo.<\/span><\/p>\n","protected":false},"excerpt":{"rendered":"<p>flo. und so. (2010) 01. wunsch 02. nur ein bisschen meer 03. weiter 04. baumeln lassen 05. groen 06. der aufstand 07. machs gut 08. im schatten 09. unglaublich 10. \u00fcberwindung 11. etwas tun 12. egal 13. wundervoll 14. besser als ein grab (alle songs m\/t: flo) &#8220;es ist zeit f\u00fcr was neues, f\u00fcr den [&hellip;]<\/p>\n","protected":false},"author":1,"featured_media":0,"parent":20,"menu_order":3,"comment_status":"open","ping_status":"open","template":"","meta":[],"_links":{"self":[{"href":"http:\/\/www.flozuseinbedarfeswenig.de\/index.php?rest_route=\/wp\/v2\/pages\/22"}],"collection":[{"href":"http:\/\/www.flozuseinbedarfeswenig.de\/index.php?rest_route=\/wp\/v2\/pages"}],"about":[{"href":"http:\/\/www.flozuseinbedarfeswenig.de\/index.php?rest_route=\/wp\/v2\/types\/page"}],"author":[{"embeddable":true,"href":"http:\/\/www.flozuseinbedarfeswenig.de\/index.php?rest_route=\/wp\/v2\/users\/1"}],"replies":[{"embeddable":true,"href":"http:\/\/www.flozuseinbedarfeswenig.de\/index.php?rest_route=%2Fwp%2Fv2%2Fcomments&post=22"}],"version-history":[{"count":2,"href":"http:\/\/www.flozuseinbedarfeswenig.de\/index.php?rest_route=\/wp\/v2\/pages\/22\/revisions"}],"predecessor-version":[{"id":1004,"href":"http:\/\/www.flozuseinbedarfeswenig.de\/index.php?rest_route=\/wp\/v2\/pages\/22\/revisions\/1004"}],"up":[{"embeddable":true,"href":"http:\/\/www.flozuseinbedarfeswenig.de\/index.php?rest_route=\/wp\/v2\/pages\/20"}],"wp:attachment":[{"href":"http:\/\/www.flozuseinbedarfeswenig.de\/index.php?rest_route=%2Fwp%2Fv2%2Fmedia&parent=22"}],"curies":[{"name":"wp","href":"https:\/\/api.w.org\/{rel}","templated":true}]}}