{"id":20,"date":"2011-06-07T10:56:12","date_gmt":"2011-06-07T10:56:12","guid":{"rendered":"http:\/\/bullahoch2.bu.ohost.de\/flo\/?page_id=4"},"modified":"2014-09-11T00:02:10","modified_gmt":"2014-09-10T22:02:10","slug":"alben","status":"publish","type":"page","link":"http:\/\/www.flozuseinbedarfeswenig.de\/?page_id=20","title":{"rendered":"haben"},"content":{"rendered":"<p style=\"text-align: center;\">alle alben sind nicht wirklich &#8220;im handel&#8221; erh\u00e4ltlich, sondern (zumindest vorwiegend) digitale versionen zum runterladen (siehe &#8220;<a title=\"h\u00f6ren\" href=\"http:\/\/www.flozuseinbedarfeswenig.de\/?page_id=439\">h\u00f6ren<\/a>&#8220;). was ihr tun m\u00fcsst, um eine analoge cd-version zu bekommen &#8211; wenn vorhanden &#8211; steht in den beschreibungen dabei..<\/p>\n<p style=\"text-align: center;\"><a title=\"flogarhythmus (2007)\" href=\"http:\/\/www.flozuseinbedarfeswenig.de\/?page_id=29\">flogarhythmus (2007)<\/a><\/p>\n<p style=\"text-align: center;\"><a title=\"flogarhythmus (2007)\" href=\"http:\/\/www.flozuseinbedarfeswenig.de\/?page_id=29\"><img loading=\"lazy\" class=\"alignnone size-medium wp-image-983\" src=\"http:\/\/www.flozuseinbedarfeswenig.de\/wp-content\/uploads\/2011\/06\/flogarhythmus_front_340-300x300.jpg\" alt=\"flogarhythmus_front_340\" width=\"300\" height=\"300\" srcset=\"http:\/\/www.flozuseinbedarfeswenig.de\/wp-content\/uploads\/2011\/06\/flogarhythmus_front_340-300x300.jpg 300w, http:\/\/www.flozuseinbedarfeswenig.de\/wp-content\/uploads\/2011\/06\/flogarhythmus_front_340-150x150.jpg 150w, http:\/\/www.flozuseinbedarfeswenig.de\/wp-content\/uploads\/2011\/06\/flogarhythmus_front_340.jpg 340w\" sizes=\"(max-width: 300px) 100vw, 300px\" \/><\/a><\/p>\n<p style=\"text-align: center;\"><a title=\"paRADies (2008)\" href=\"http:\/\/www.flozuseinbedarfeswenig.de\/?page_id=27\">paRADies (2008)<\/a><\/p>\n<p style=\"text-align: center;\"><a title=\"paRADies (2008)\" href=\"http:\/\/www.flozuseinbedarfeswenig.de\/?page_id=27\"><img loading=\"lazy\" class=\"alignnone size-medium wp-image-984\" src=\"http:\/\/www.flozuseinbedarfeswenig.de\/wp-content\/uploads\/2011\/06\/paRADies_front_340-300x300.jpg\" alt=\"paRADies_front_340\" width=\"300\" height=\"300\" srcset=\"http:\/\/www.flozuseinbedarfeswenig.de\/wp-content\/uploads\/2011\/06\/paRADies_front_340-300x300.jpg 300w, http:\/\/www.flozuseinbedarfeswenig.de\/wp-content\/uploads\/2011\/06\/paRADies_front_340-150x150.jpg 150w, http:\/\/www.flozuseinbedarfeswenig.de\/wp-content\/uploads\/2011\/06\/paRADies_front_340.jpg 340w\" sizes=\"(max-width: 300px) 100vw, 300px\" \/><\/a><\/p>\n<p style=\"text-align: center;\"><a title=\"flo. und so. (2010)\" href=\"http:\/\/www.flozuseinbedarfeswenig.de\/?page_id=22\">flo. und so. (2010)<\/a><\/p>\n<p style=\"text-align: center;\"><a title=\"flo. und so. (2010)\" href=\"http:\/\/www.flozuseinbedarfeswenig.de\/?page_id=22\"><img loading=\"lazy\" class=\"alignnone size-medium wp-image-985\" src=\"http:\/\/www.flozuseinbedarfeswenig.de\/wp-content\/uploads\/2011\/06\/fus_front_340-300x300.jpg\" alt=\"fus_front_340\" width=\"300\" height=\"300\" srcset=\"http:\/\/www.flozuseinbedarfeswenig.de\/wp-content\/uploads\/2011\/06\/fus_front_340-300x300.jpg 300w, http:\/\/www.flozuseinbedarfeswenig.de\/wp-content\/uploads\/2011\/06\/fus_front_340-150x150.jpg 150w, http:\/\/www.flozuseinbedarfeswenig.de\/wp-content\/uploads\/2011\/06\/fus_front_340.jpg 340w\" sizes=\"(max-width: 300px) 100vw, 300px\" \/><\/a><\/p>\n<p style=\"text-align: center;\"><a title=\"overflo (2011)\" href=\"http:\/\/www.flozuseinbedarfeswenig.de\/?page_id=604\">overflo (2011)<\/a><\/p>\n<p style=\"text-align: center;\"><a title=\"overflo (2011)\" href=\"http:\/\/www.flozuseinbedarfeswenig.de\/?page_id=604\"><img loading=\"lazy\" class=\"alignnone size-medium wp-image-986\" src=\"http:\/\/www.flozuseinbedarfeswenig.de\/wp-content\/uploads\/2011\/06\/overflo_front_340-210x300.jpg\" alt=\"overflo_front_340\" width=\"210\" height=\"300\" srcset=\"http:\/\/www.flozuseinbedarfeswenig.de\/wp-content\/uploads\/2011\/06\/overflo_front_340-210x300.jpg 210w, http:\/\/www.flozuseinbedarfeswenig.de\/wp-content\/uploads\/2011\/06\/overflo_front_340.jpg 340w\" sizes=\"(max-width: 210px) 100vw, 210px\" \/><\/a><\/p>\n<p style=\"text-align: center;\"><a title=\"FLO+HELGAL=BUM! (2012)\" href=\"http:\/\/www.flozuseinbedarfeswenig.de\/?page_id=755\">FLO+HELGAL=BUM! (2012)<\/a><\/p>\n<p style=\"text-align: center;\"><a title=\"FLO+HELGAL=BUM! (2012)\" href=\"http:\/\/www.flozuseinbedarfeswenig.de\/?page_id=755\"><img loading=\"lazy\" class=\"alignnone size-medium wp-image-987\" src=\"http:\/\/www.flozuseinbedarfeswenig.de\/wp-content\/uploads\/2011\/06\/flo+helgalbum_cover_front_340-209x300.jpg\" alt=\"flo+helgal=bum!_cover_front_340\" width=\"209\" height=\"300\" srcset=\"http:\/\/www.flozuseinbedarfeswenig.de\/wp-content\/uploads\/2011\/06\/flo+helgalbum_cover_front_340-209x300.jpg 209w, http:\/\/www.flozuseinbedarfeswenig.de\/wp-content\/uploads\/2011\/06\/flo+helgalbum_cover_front_340.jpg 340w\" sizes=\"(max-width: 209px) 100vw, 209px\" \/><\/a><\/p>\n<p style=\"text-align: center;\"><a title=\"le cycle de fl\u00b4eau (2012)\" href=\"http:\/\/www.flozuseinbedarfeswenig.de\/?page_id=822\">le cycle de fl\u00b4eau (2012)<\/a><\/p>\n<p style=\"text-align: center;\"><a title=\"le cycle de fl\u00b4eau (2012)\" href=\"http:\/\/www.flozuseinbedarfeswenig.de\/?page_id=822\"><img loading=\"lazy\" class=\"alignnone size-medium wp-image-988\" src=\"http:\/\/www.flozuseinbedarfeswenig.de\/wp-content\/uploads\/2011\/06\/lcdf_front_340-300x300.jpg\" alt=\"lcdf_front_340\" width=\"300\" height=\"300\" srcset=\"http:\/\/www.flozuseinbedarfeswenig.de\/wp-content\/uploads\/2011\/06\/lcdf_front_340-300x300.jpg 300w, http:\/\/www.flozuseinbedarfeswenig.de\/wp-content\/uploads\/2011\/06\/lcdf_front_340-150x150.jpg 150w, http:\/\/www.flozuseinbedarfeswenig.de\/wp-content\/uploads\/2011\/06\/lcdf_front_340.jpg 340w\" sizes=\"(max-width: 300px) 100vw, 300px\" \/><\/a><\/p>\n<p style=\"text-align: center;\"><a title=\"amelo \u2013 sollieder (2014)\" href=\"http:\/\/www.flozuseinbedarfeswenig.de\/?page_id=992\">amelo &#8211; sollieder (2014)<\/a><\/p>\n<p style=\"text-align: center;\"><a title=\"amelo \u2013 sollieder (2014)\" href=\"http:\/\/www.flozuseinbedarfeswenig.de\/?page_id=992\"><img loading=\"lazy\" class=\"alignnone size-medium wp-image-989\" src=\"http:\/\/www.flozuseinbedarfeswenig.de\/wp-content\/uploads\/2011\/06\/amelo-sollieder_340-300x300.jpg\" alt=\"amelo-sollieder_340\" width=\"300\" height=\"300\" srcset=\"http:\/\/www.flozuseinbedarfeswenig.de\/wp-content\/uploads\/2011\/06\/amelo-sollieder_340-300x300.jpg 300w, http:\/\/www.flozuseinbedarfeswenig.de\/wp-content\/uploads\/2011\/06\/amelo-sollieder_340-150x150.jpg 150w, http:\/\/www.flozuseinbedarfeswenig.de\/wp-content\/uploads\/2011\/06\/amelo-sollieder_340.jpg 340w\" sizes=\"(max-width: 300px) 100vw, 300px\" \/><\/a><\/p>\n<p style=\"text-align: center;\"><a title=\"so was wie musik (2014)\" href=\"http:\/\/www.flozuseinbedarfeswenig.de\/?page_id=994\">so was wie musik (2014)<\/a><\/p>\n<p style=\"text-align: center;\"><a title=\"so was wie musik (2014)\" href=\"http:\/\/www.flozuseinbedarfeswenig.de\/?page_id=994\"><img loading=\"lazy\" class=\"alignnone size-medium wp-image-990\" src=\"http:\/\/www.flozuseinbedarfeswenig.de\/wp-content\/uploads\/2011\/06\/swwm_340-300x300.jpg\" alt=\"swwm_340\" width=\"300\" height=\"300\" srcset=\"http:\/\/www.flozuseinbedarfeswenig.de\/wp-content\/uploads\/2011\/06\/swwm_340-300x300.jpg 300w, http:\/\/www.flozuseinbedarfeswenig.de\/wp-content\/uploads\/2011\/06\/swwm_340-150x150.jpg 150w, http:\/\/www.flozuseinbedarfeswenig.de\/wp-content\/uploads\/2011\/06\/swwm_340.jpg 340w\" sizes=\"(max-width: 300px) 100vw, 300px\" \/><\/a><\/p>\n","protected":false},"excerpt":{"rendered":"<p>alle alben sind nicht wirklich &#8220;im handel&#8221; erh\u00e4ltlich, sondern (zumindest vorwiegend) digitale versionen zum runterladen (siehe &#8220;h\u00f6ren&#8220;). was ihr tun m\u00fcsst, um eine analoge cd-version zu bekommen &#8211; wenn vorhanden &#8211; steht in den beschreibungen dabei.. flogarhythmus (2007) paRADies (2008) flo. und so. (2010) overflo (2011) FLO+HELGAL=BUM! (2012) le cycle de fl\u00b4eau (2012) amelo &#8211; [&hellip;]<\/p>\n","protected":false},"author":1,"featured_media":0,"parent":0,"menu_order":0,"comment_status":"open","ping_status":"open","template":"","meta":[],"_links":{"self":[{"href":"http:\/\/www.flozuseinbedarfeswenig.de\/index.php?rest_route=\/wp\/v2\/pages\/20"}],"collection":[{"href":"http:\/\/www.flozuseinbedarfeswenig.de\/index.php?rest_route=\/wp\/v2\/pages"}],"about":[{"href":"http:\/\/www.flozuseinbedarfeswenig.de\/index.php?rest_route=\/wp\/v2\/types\/page"}],"author":[{"embeddable":true,"href":"http:\/\/www.flozuseinbedarfeswenig.de\/index.php?rest_route=\/wp\/v2\/users\/1"}],"replies":[{"embeddable":true,"href":"http:\/\/www.flozuseinbedarfeswenig.de\/index.php?rest_route=%2Fwp%2Fv2%2Fcomments&post=20"}],"version-history":[{"count":4,"href":"http:\/\/www.flozuseinbedarfeswenig.de\/index.php?rest_route=\/wp\/v2\/pages\/20\/revisions"}],"predecessor-version":[{"id":1058,"href":"http:\/\/www.flozuseinbedarfeswenig.de\/index.php?rest_route=\/wp\/v2\/pages\/20\/revisions\/1058"}],"wp:attachment":[{"href":"http:\/\/www.flozuseinbedarfeswenig.de\/index.php?rest_route=%2Fwp%2Fv2%2Fmedia&parent=20"}],"curies":[{"name":"wp","href":"https:\/\/api.w.org\/{rel}","templated":true}]}}